{"id":185,"date":"2020-09-05T19:48:45","date_gmt":"2020-09-05T19:48:45","guid":{"rendered":"https:\/\/haworthiaworld.de\/?page_id=185"},"modified":"2020-09-05T19:49:16","modified_gmt":"2020-09-05T19:49:16","slug":"datenschutzerklaerung-2","status":"publish","type":"page","link":"https:\/\/haworthiaworld.de\/?page_id=185","title":{"rendered":"Datenschutzerkl\u00e4rung"},"content":{"rendered":"\n<h2>Einleitung<\/h2>\n\n\n\n<p>Mit der folgenden Datenschutzerkl\u00e4rung m\u00f6chten wir Sie dar\u00fcber aufkl\u00e4ren, welche Arten Ihrer personenbezogenen Daten (nachfolgend auch kurz als &#8222;Daten\u201c bezeichnet) wir zu welchen Zwecken und in welchem Umfang verarbeiten. Die Datenschutzerkl\u00e4rung gilt f\u00fcr alle von uns durchgef\u00fchrten Verarbeitungen personenbezogener Daten, sowohl im Rahmen der Erbringung unserer Leistungen als auch insbesondere auf unseren Webseiten, in mobilen Applikationen sowie innerhalb externer Onlinepr\u00e4senzen, wie z.B. unserer Social-Media-Profile (nachfolgend zusammenfassend bezeichnet als &#8222;Onlineangebot\u201c).<\/p>\n\n\n\n<p>Die verwendeten Begriffe sind nicht geschlechtsspezifisch.<\/p>\n\n\n\n<p>Stand: 5. September 2020<\/p>\n\n\n\n<h2>Inhalts\u00fcbersicht<\/h2>\n\n\n\n<ul><li><a href=\"#m14\">Einleitung<\/a><\/li><li><a href=\"#m3\">Verantwortlicher<\/a><\/li><li><a href=\"#mOverview\">\u00dcbersicht der Verarbeitungen<\/a><\/li><li><a href=\"#m13\">Ma\u00dfgebliche Rechtsgrundlagen<\/a><\/li><li><a href=\"#m27\">Sicherheitsma\u00dfnahmen<\/a><\/li><li><a href=\"#m25\">\u00dcbermittlung und Offenbarung von personenbezogenen Daten<\/a><\/li><li><a href=\"#m24\">Datenverarbeitung in Drittl\u00e4ndern<\/a><\/li><li><a href=\"#m134\">Einsatz von Cookies<\/a><\/li><li><a href=\"#m225\">Bereitstellung des Onlineangebotes und Webhosting<\/a><\/li><li><a href=\"#m182\">Kontaktaufnahme<\/a><\/li><li><a href=\"#m12\">L\u00f6schung von Daten<\/a><\/li><li><a href=\"#m15\">\u00c4nderung und Aktualisierung der Datenschutzerkl\u00e4rung<\/a><\/li><li><a href=\"#m10\">Rechte der betroffenen Personen<\/a><\/li><li><a href=\"#m42\">Begriffsdefinitionen<\/a><\/li><\/ul>\n\n\n\n<h2 id=\"m3\">Verantwortlicher<\/h2>\n\n\n\n<p>Robert Fulsche<br>Leistlinger Stra\u00dfe 73<br>30826 Garbsen<\/p>\n\n\n\n<p><strong>E-Mail-Adresse:<\/strong> <a href=\"mailto:info@haworthiaworld.de\">info@haworthiaworld.de<\/a><\/p>\n\n\n\n<p><strong>Impressum:<\/strong> <a href=\"https:\/\/haworthiaworld.de\/?page_id=178\" target=\"_blank\" rel=\"noreferrer noopener\">https:\/\/haworthiaworld.de\/?page_id=178<\/a><\/p>\n\n\n\n<h2 id=\"mOverview\">\u00dcbersicht der Verarbeitungen<\/h2>\n\n\n\n<p>Die nachfolgende \u00dcbersicht fasst die Arten der verarbeiteten Daten und die Zwecke ihrer Verarbeitung zusammen und verweist auf die betroffenen Personen.<\/p>\n\n\n\n<h3>Arten der verarbeiteten Daten<\/h3>\n\n\n\n<ul><li>Bestandsdaten (z.B. Namen, Adressen).<\/li><li>Inhaltsdaten (z.B. Texteingaben, Fotografien, Videos).<\/li><li>Kontaktdaten (z.B. E-Mail, Telefonnummern).<\/li><li>Meta-\/Kommunikationsdaten (z.B. Ger\u00e4te-Informationen, IP-Adressen).<\/li><li>Nutzungsdaten (z.B. besuchte Webseiten, Interesse an Inhalten, Zugriffszeiten).<\/li><\/ul>\n\n\n\n<h3>Kategorien betroffener Personen<\/h3>\n\n\n\n<ul><li>Kommunikationspartner.<\/li><li>Nutzer (z.B. Webseitenbesucher, Nutzer von Onlinediensten).<\/li><\/ul>\n\n\n\n<h3>Zwecke der Verarbeitung<\/h3>\n\n\n\n<ul><li>Kontaktanfragen und Kommunikation.<\/li><\/ul>\n\n\n\n<h3 id=\"m13\">Ma\u00dfgebliche Rechtsgrundlagen<\/h3>\n\n\n\n<p>Im Folgenden teilen wir die Rechtsgrundlagen der Datenschutzgrundverordnung (DSGVO), auf deren Basis wir die personenbezogenen Daten verarbeiten, mit. Bitte beachten Sie, dass zus\u00e4tzlich zu den Regelungen der DSGVO die nationalen Datenschutzvorgaben in Ihrem bzw. unserem Wohn- und Sitzland gelten k\u00f6nnen. Sollten ferner im Einzelfall speziellere Rechtsgrundlagen ma\u00dfgeblich sein, teilen wir Ihnen diese in der Datenschutzerkl\u00e4rung mit.<\/p>\n\n\n\n<ul><li><strong>Einwilligung (Art. 6 Abs. 1 S. 1 lit. a DSGVO)<\/strong> &#8211; Die betroffene Person hat ihre Einwilligung in die Verarbeitung der sie betreffenden personenbezogenen Daten f\u00fcr einen spezifischen Zweck oder mehrere bestimmte Zwecke gegeben.<\/li><li><strong>Vertragserf\u00fcllung und vorvertragliche Anfragen (Art. 6 Abs. 1 S. 1 lit. b. DSGVO)<\/strong> &#8211; Die Verarbeitung ist f\u00fcr die Erf\u00fcllung eines Vertrags, dessen Vertragspartei die betroffene Person ist, oder zur Durchf\u00fchrung vorvertraglicher Ma\u00dfnahmen erforderlich, die auf Anfrage der betroffenen Person erfolgen.<\/li><li><strong>Berechtigte Interessen (Art. 6 Abs. 1 S. 1 lit. f. DSGVO)<\/strong> &#8211; Die Verarbeitung ist zur Wahrung der berechtigten Interessen des Verantwortlichen oder eines Dritten erforderlich, sofern nicht die Interessen oder Grundrechte und Grundfreiheiten der betroffenen Person, die den Schutz personenbezogener Daten erfordern, \u00fcberwiegen.<\/li><\/ul>\n\n\n\n<p><strong>Nationale Datenschutzregelungen in Deutschland<\/strong>: Zus\u00e4tzlich zu den Datenschutzregelungen der Datenschutz-Grundverordnung gelten nationale Regelungen zum Datenschutz in Deutschland. Hierzu geh\u00f6rt insbesondere das Gesetz zum Schutz vor Missbrauch personenbezogener Daten bei der Datenverarbeitung (Bundesdatenschutzgesetz \u2013 BDSG). Das BDSG enth\u00e4lt insbesondere Spezialregelungen zum Recht auf Auskunft, zum Recht auf L\u00f6schung, zum Widerspruchsrecht, zur Verarbeitung besonderer Kategorien personenbezogener Daten, zur Verarbeitung f\u00fcr andere Zwecke und zur \u00dcbermittlung sowie automatisierten Entscheidungsfindung im Einzelfall einschlie\u00dflich Profiling. Des Weiteren regelt es die Datenverarbeitung f\u00fcr Zwecke des Besch\u00e4ftigungsverh\u00e4ltnisses (\u00a7 26 BDSG), insbesondere im Hinblick auf die Begr\u00fcndung, Durchf\u00fchrung oder Beendigung von Besch\u00e4ftigungsverh\u00e4ltnissen sowie die Einwilligung von Besch\u00e4ftigten. Ferner k\u00f6nnen Landesdatenschutzgesetze der einzelnen Bundesl\u00e4nder zur Anwendung gelangen.<\/p>\n\n\n\n<h2 id=\"m27\">Sicherheitsma\u00dfnahmen<\/h2>\n\n\n\n<p>Wir treffen nach Ma\u00dfgabe der gesetzlichen Vorgaben unter Ber\u00fccksichtigung des Stands der Technik, der Implementierungskosten und der Art, des Umfangs, der Umst\u00e4nde und der Zwecke der Verarbeitung sowie der unterschiedlichen Eintrittswahrscheinlichkeiten und des Ausma\u00dfes der Bedrohung der Rechte und Freiheiten nat\u00fcrlicher Personen geeignete technische und organisatorische Ma\u00dfnahmen, um ein dem Risiko angemessenes Schutzniveau zu gew\u00e4hrleisten.<\/p>\n\n\n\n<p>Zu den Ma\u00dfnahmen geh\u00f6ren insbesondere die Sicherung der Vertraulichkeit, Integrit\u00e4t und Verf\u00fcgbarkeit von Daten durch Kontrolle des physischen und elektronischen Zugangs zu den Daten als auch des sie betreffenden Zugriffs, der Eingabe, der Weitergabe, der Sicherung der Verf\u00fcgbarkeit und ihrer Trennung. Des Weiteren haben wir Verfahren eingerichtet, die eine Wahrnehmung von Betroffenenrechten, die L\u00f6schung von Daten und Reaktionen auf die Gef\u00e4hrdung der Daten gew\u00e4hrleisten. Ferner ber\u00fccksichtigen wir den Schutz personenbezogener Daten bereits bei der Entwicklung bzw. Auswahl von Hardware, Software sowie Verfahren entsprechend dem Prinzip des Datenschutzes, durch Technikgestaltung und durch datenschutzfreundliche Voreinstellungen.<\/p>\n\n\n\n<h2 id=\"m25\">\u00dcbermittlung und Offenbarung von personenbezogenen Daten<\/h2>\n\n\n\n<p>Im Rahmen unserer Verarbeitung von personenbezogenen Daten kommt es vor, dass die Daten an andere Stellen, Unternehmen, rechtlich selbstst\u00e4ndige Organisationseinheiten oder Personen \u00fcbermittelt oder sie ihnen gegen\u00fcber offengelegt werden. Zu den Empf\u00e4ngern dieser Daten k\u00f6nnen z.B. Zahlungsinstitute im Rahmen von Zahlungsvorg\u00e4ngen, mit IT-Aufgaben beauftragte Dienstleister oder Anbieter von Diensten und Inhalten, die in eine Webseite eingebunden werden, geh\u00f6ren. In solchen Fall beachten wir die gesetzlichen Vorgaben und schlie\u00dfen insbesondere entsprechende Vertr\u00e4ge bzw. Vereinbarungen, die dem Schutz Ihrer Daten dienen, mit den Empf\u00e4ngern Ihrer Daten ab.<\/p>\n\n\n\n<h2 id=\"m24\">Datenverarbeitung in Drittl\u00e4ndern<\/h2>\n\n\n\n<p>Sofern wir Daten in einem Drittland (d.h., au\u00dferhalb der Europ\u00e4ischen Union (EU), des Europ\u00e4ischen Wirtschaftsraums (EWR)) verarbeiten oder die Verarbeitung im Rahmen der Inanspruchnahme von Diensten Dritter oder der Offenlegung bzw. \u00dcbermittlung von Daten an andere Personen, Stellen oder Unternehmen stattfindet, erfolgt dies nur im Einklang mit den gesetzlichen Vorgaben.<\/p>\n\n\n\n<p>Vorbehaltlich ausdr\u00fccklicher Einwilligung oder vertraglich oder gesetzlich erforderlicher \u00dcbermittlung verarbeiten oder lassen wir die Daten nur in Drittl\u00e4ndern mit einem anerkannten Datenschutzniveau, vertraglichen Verpflichtung durch sogenannte Standardschutzklauseln der EU-Kommission, beim Vorliegen von Zertifizierungen oder verbindlicher internen Datenschutzvorschriften verarbeiten (Art. 44 bis 49 DSGVO, Informationsseite der EU-Kommission: <a href=\"https:\/\/ec.europa.eu\/info\/law\/law-topic\/data-protection\/international-dimension-data-protection_de\" target=\"_blank\" rel=\"noreferrer noopener\">https:\/\/ec.europa.eu\/info\/law\/law-topic\/data-protection\/international-dimension-data-protection_de<\/a> ).<\/p>\n\n\n\n<h2 id=\"m134\">Einsatz von Cookies<\/h2>\n\n\n\n<p>Cookies sind Textdateien, die Daten von besuchten Websites oder Domains enthalten und von einem Browser auf dem Computer des Benutzers gespeichert werden. Ein Cookie dient in erster Linie dazu, die Informationen \u00fcber einen Benutzer w\u00e4hrend oder nach seinem Besuch innerhalb eines Onlineangebotes zu speichern. Zu den gespeicherten Angaben k\u00f6nnen z.B. die Spracheinstellungen auf einer Webseite, der Loginstatus, ein Warenkorb oder die Stelle, an der ein Video geschaut wurde, geh\u00f6ren. Zu dem Begriff der Cookies z\u00e4hlen wir ferner andere Technologien, die die gleichen Funktionen wie Cookies erf\u00fcllen (z.B., wenn Angaben der Nutzer anhand pseudonymer Onlinekennzeichnungen gespeichert werden, auch als &#8222;Nutzer-IDs&#8220; bezeichnet)<\/p>\n\n\n\n<p><strong>Die folgenden Cookie-Typen und Funktionen werden unterschieden:<\/strong><\/p>\n\n\n\n<ul><li><strong>Tempor\u00e4re Cookies (auch: Session- oder Sitzungs-Cookies):<\/strong>&nbsp;Tempor\u00e4re Cookies werden sp\u00e4testens gel\u00f6scht, nachdem ein Nutzer ein Online-Angebot verlassen und seinen Browser geschlossen hat.<\/li><li><strong>Permanente Cookies:<\/strong>&nbsp;Permanente Cookies bleiben auch nach dem Schlie\u00dfen des Browsers gespeichert. So kann beispielsweise der Login-Status gespeichert oder bevorzugte Inhalte direkt angezeigt werden, wenn der Nutzer eine Website erneut besucht. Ebenso k\u00f6nnen die Interessen von Nutzern, die zur Reichweitenmessung oder zu Marketingzwecken verwendet werden, in einem solchen Cookie gespeichert werden.<\/li><li><strong>First-Party-Cookies:<\/strong>&nbsp;First-Party-Cookies werden von uns selbst gesetzt.<\/li><li><strong>Third-Party-Cookies (auch: Drittanbieter-Cookies)<\/strong>: Drittanbieter-Cookies werden haupts\u00e4chlich von Werbetreibenden (sog. Dritten) verwendet, um Benutzerinformationen zu verarbeiten.<\/li><li><strong>Notwendige (auch: essentielle oder unbedingt erforderliche) Cookies:<\/strong> Cookies k\u00f6nnen zum einen f\u00fcr den Betrieb einer Webseite unbedingt erforderlich sein (z.B. um Logins oder andere Nutzereingaben zu speichern oder aus Gr\u00fcnden der Sicherheit).<\/li><li><strong>Statistik-, Marketing- und Personalisierungs-Cookies<\/strong>: Ferner werden Cookies im Regelfall auch im Rahmen der Reichweitenmessung eingesetzt sowie dann, wenn die Interessen eines Nutzers oder sein Verhalten (z.B. Betrachten bestimmter Inhalte, Nutzen von Funktionen etc.) auf einzelnen Webseiten in einem Nutzerprofil gespeichert werden. Solche Profile dienen dazu, den Nutzern z.B. Inhalte anzuzeigen, die ihren potentiellen Interessen entsprechen. Dieses Verfahren wird auch als &#8222;Tracking&#8220;, d.h., Nachverfolgung der potentiellen Interessen der Nutzer bezeichnet. Soweit wir Cookies oder &#8222;Tracking&#8220;-Technologien einsetzen, informieren wir Sie gesondert in unserer Datenschutzerkl\u00e4rung oder im Rahmen der Einholung einer Einwilligung.<\/li><\/ul>\n\n\n\n<p><strong>Hinweise zu Rechtsgrundlagen:<\/strong> Auf welcher Rechtsgrundlage wir Ihre personenbezogenen Daten mit Hilfe von Cookies verarbeiten, h\u00e4ngt davon ab, ob wir Sie um eine Einwilligung bitten. Falls dies zutrifft und Sie in die Nutzung von Cookies einwilligen, ist die Rechtsgrundlage der Verarbeitung Ihrer Daten die erkl\u00e4rte Einwilligung. Andernfalls werden die mithilfe von Cookies verarbeiteten Daten auf Grundlage unserer berechtigten Interessen (z.B. an einem betriebswirtschaftlichen Betrieb unseres Onlineangebotes und dessen Verbesserung) verarbeitet oder, wenn der Einsatz von Cookies erforderlich ist, um unsere vertraglichen Verpflichtungen zu erf\u00fcllen.<\/p>\n\n\n\n<p><strong>Speicherdauer: <\/strong>Sofern wir Ihnen keine expliziten Angaben zur Speicherdauer von permanenten Cookies mitteilen (z. B. im Rahmen eines sog. Cookie-Opt-Ins), gehen Sie bitte davon aus, dass die Speicherdauer bis zu zwei Jahre betragen kann.<\/p>\n\n\n\n<p><strong>Allgemeine Hinweise zum Widerruf und Widerspruch (Opt-Out):<\/strong> Abh\u00e4ngig davon, ob die Verarbeitung auf Grundlage einer Einwilligung oder gesetzlichen Erlaubnis erfolgt, haben Sie jederzeit die M\u00f6glichkeit, eine erteilte Einwilligung zu widerrufen oder der Verarbeitung Ihrer Daten durch Cookie-Technologien zu widersprechen (zusammenfassend als &#8222;Opt-Out&#8220; bezeichnet). Sie k\u00f6nnen Ihren Widerspruch zun\u00e4chst mittels der Einstellungen Ihres Browsers erkl\u00e4ren, z.B., indem Sie die Nutzung von Cookies deaktivieren (wobei hierdurch auch die Funktionsf\u00e4higkeit unseres Onlineangebotes eingeschr\u00e4nkt werden kann). Ein Widerspruch gegen den Einsatz von Cookies zu Zwecken des Onlinemarketings kann auch mittels einer Vielzahl von Diensten, vor allem im Fall des Trackings, \u00fcber die Webseiten <a href=\"https:\/\/optout.aboutads.info\" target=\"_blank\" rel=\"noreferrer noopener\">https:\/\/optout.aboutads.info<\/a> und <a href=\"https:\/\/www.youronlinechoices.com\/\" target=\"_blank\" rel=\"noreferrer noopener\">https:\/\/www.youronlinechoices.com\/<\/a> erkl\u00e4rt werden. Daneben k\u00f6nnen Sie weitere Widerspruchshinweise im Rahmen der Angaben zu den eingesetzten Dienstleistern und Cookies erhalten.<\/p>\n\n\n\n<ul><li><strong>Verarbeitete Datenarten:<\/strong> Nutzungsdaten (z.B. besuchte Webseiten, Interesse an Inhalten, Zugriffszeiten), Meta-\/Kommunikationsdaten (z.B. Ger\u00e4te-Informationen, IP-Adressen).<\/li><li><strong>Betroffene Personen:<\/strong> Nutzer (z.B. Webseitenbesucher, Nutzer von Onlinediensten).<\/li><li><strong>Rechtsgrundlagen:<\/strong> Einwilligung (Art. 6 Abs. 1 S. 1 lit. a DSGVO), Berechtigte Interessen (Art. 6 Abs. 1 S. 1 lit. f. DSGVO).<\/li><\/ul>\n\n\n\n<h2 id=\"m225\">Bereitstellung des Onlineangebotes und Webhosting<\/h2>\n\n\n\n<p>Um unser Onlineangebot sicher und effizient bereitstellen zu k\u00f6nnen, nehmen wir die Leistungen von einem oder mehreren Webhosting-Anbietern in Anspruch, von deren Servern (bzw. von ihnen verwalteten Servern) das Onlineangebot abgerufen werden kann. Zu diesen Zwecken k\u00f6nnen wir Infrastruktur- und Plattformdienstleistungen, Rechenkapazit\u00e4t, Speicherplatz und Datenbankdienste sowie Sicherheitsleistungen und technische Wartungsleistungen in Anspruch nehmen.<\/p>\n\n\n\n<p>Zu den im Rahmen der Bereitstellung des Hostingangebotes verarbeiteten Daten k\u00f6nnen alle die Nutzer unseres Onlineangebotes betreffenden Angaben geh\u00f6ren, die im Rahmen der Nutzung und der Kommunikation anfallen. Hierzu geh\u00f6ren regelm\u00e4\u00dfig die IP-Adresse, die notwendig ist, um die Inhalte von Onlineangeboten an Browser ausliefern zu k\u00f6nnen, und alle innerhalb unseres Onlineangebotes oder von Webseiten get\u00e4tigten Eingaben.<\/p>\n\n\n\n<p><strong>Erhebung von Zugriffsdaten und Logfiles<\/strong>: Wir selbst (bzw. unser Webhostinganbieter) erheben Daten zu jedem Zugriff auf den Server (sogenannte Serverlogfiles). Zu den Serverlogfiles k\u00f6nnen die Adresse und Name der abgerufenen Webseiten und Dateien, Datum und Uhrzeit des Abrufs, \u00fcbertragene Datenmengen, Meldung \u00fcber erfolgreichen Abruf, Browsertyp nebst Version, das Betriebssystem des Nutzers, Referrer URL (die zuvor besuchte Seite) und im Regelfall IP-Adressen und der anfragende Provider geh\u00f6ren.<\/p>\n\n\n\n<p>Die Serverlogfiles k\u00f6nnen zum einen zu Zwecken der Sicherheit eingesetzt werden, z.B., um eine \u00dcberlastung der Server zu vermeiden (insbesondere im Fall von missbr\u00e4uchlichen Angriffen, sogenannten DDoS-Attacken) und zum anderen, um die Auslastung der Server und ihre Stabilit\u00e4t sicherzustellen.<\/p>\n\n\n\n<ul><li><strong>Verarbeitete Datenarten:<\/strong> Inhaltsdaten (z.B. Texteingaben, Fotografien, Videos), Nutzungsdaten (z.B. besuchte Webseiten, Interesse an Inhalten, Zugriffszeiten), Meta-\/Kommunikationsdaten (z.B. Ger\u00e4te-Informationen, IP-Adressen).<\/li><li><strong>Betroffene Personen:<\/strong> Nutzer (z.B. Webseitenbesucher, Nutzer von Onlinediensten).<\/li><li><strong>Rechtsgrundlagen:<\/strong> Berechtigte Interessen (Art. 6 Abs. 1 S. 1 lit. f. DSGVO).<\/li><\/ul>\n\n\n\n<h2 id=\"m182\">Kontaktaufnahme<\/h2>\n\n\n\n<p>Bei der Kontaktaufnahme mit uns (z.B. per Kontaktformular, E-Mail, Telefon oder via soziale Medien) werden die Angaben der anfragenden Personen verarbeitet, soweit dies zur Beantwortung der Kontaktanfragen und etwaiger angefragter Ma\u00dfnahmen erforderlich ist.<\/p>\n\n\n\n<p>Die Beantwortung der Kontaktanfragen im Rahmen von vertraglichen oder vorvertraglichen Beziehungen erfolgt zur Erf\u00fcllung unserer vertraglichen Pflichten oder zur Beantwortung von (vor)vertraglichen Anfragen und im \u00dcbrigen auf Grundlage der berechtigten Interessen an der Beantwortung der Anfragen.<\/p>\n\n\n\n<ul><li><strong>Verarbeitete Datenarten:<\/strong> Bestandsdaten (z.B. Namen, Adressen), Kontaktdaten (z.B. E-Mail, Telefonnummern), Inhaltsdaten (z.B. Texteingaben, Fotografien, Videos).<\/li><li><strong>Betroffene Personen:<\/strong> Kommunikationspartner.<\/li><li><strong>Zwecke der Verarbeitung:<\/strong> Kontaktanfragen und Kommunikation.<\/li><li><strong>Rechtsgrundlagen:<\/strong> Vertragserf\u00fcllung und vorvertragliche Anfragen (Art. 6 Abs. 1 S. 1 lit. b. DSGVO), Berechtigte Interessen (Art. 6 Abs. 1 S. 1 lit. f. DSGVO).<\/li><\/ul>\n\n\n\n<h2 id=\"m12\">L\u00f6schung von Daten<\/h2>\n\n\n\n<p>Die von uns verarbeiteten Daten werden nach Ma\u00dfgabe der gesetzlichen Vorgaben gel\u00f6scht, sobald deren zur Verarbeitung erlaubten Einwilligungen widerrufen werden oder sonstige Erlaubnisse entfallen (z.B., wenn der Zweck der Verarbeitung dieser Daten entfallen ist oder sie f\u00fcr den Zweck nicht erforderlich sind).<\/p>\n\n\n\n<p>Sofern die Daten nicht gel\u00f6scht werden, weil sie f\u00fcr andere und gesetzlich zul\u00e4ssige Zwecke erforderlich sind, wird deren Verarbeitung auf diese Zwecke beschr\u00e4nkt. D.h., die Daten werden gesperrt und nicht f\u00fcr andere Zwecke verarbeitet. Das gilt z.B. f\u00fcr Daten, die aus handels- oder steuerrechtlichen Gr\u00fcnden aufbewahrt werden m\u00fcssen oder deren Speicherung zur Geltendmachung, Aus\u00fcbung oder Verteidigung von Rechtsanspr\u00fcchen oder zum Schutz der Rechte einer anderen nat\u00fcrlichen oder juristischen Person erforderlich ist.<\/p>\n\n\n\n<p>Weitere Hinweise zu der L\u00f6schung von personenbezogenen Daten k\u00f6nnen ferner im Rahmen der einzelnen Datenschutzhinweise dieser Datenschutzerkl\u00e4rung erfolgen.<\/p>\n\n\n\n<h2 id=\"m15\">\u00c4nderung und Aktualisierung der Datenschutzerkl\u00e4rung<\/h2>\n\n\n\n<p>Wir bitten Sie, sich regelm\u00e4\u00dfig \u00fcber den Inhalt unserer Datenschutzerkl\u00e4rung zu informieren. Wir passen die Datenschutzerkl\u00e4rung an, sobald die \u00c4nderungen der von uns durchgef\u00fchrten Datenverarbeitungen dies erforderlich machen. Wir informieren Sie, sobald durch die \u00c4nderungen eine Mitwirkungshandlung Ihrerseits (z.B. Einwilligung) oder eine sonstige individuelle Benachrichtigung erforderlich wird.<\/p>\n\n\n\n<p>Sofern wir in dieser Datenschutzerkl\u00e4rung Adressen und Kontaktinformationen von Unternehmen und Organisationen angeben, bitten wir zu beachten, dass die Adressen sich \u00fcber die Zeit \u00e4ndern k\u00f6nnen und bitten die Angaben vor Kontaktaufnahme zu pr\u00fcfen.<\/p>\n\n\n\n<h2 id=\"m10\">Rechte der betroffenen Personen<\/h2>\n\n\n\n<p>Ihnen stehen als Betroffene nach der DSGVO verschiedene Rechte zu, die sich insbesondere aus Art. 15 bis 21 DSGVO ergeben:<\/p>\n\n\n\n<ul><li><strong>Widerspruchsrecht: Sie haben das Recht, aus Gr\u00fcnden, die sich aus Ihrer besonderen Situation ergeben, jederzeit gegen die Verarbeitung der Sie betreffenden personenbezogenen Daten, die aufgrund von Art. 6 Abs. 1 lit. e oder f DSGVO erfolgt, Widerspruch einzulegen; dies gilt auch f\u00fcr ein auf diese Bestimmungen gest\u00fctztes Profiling. Werden die Sie betreffenden personenbezogenen Daten verarbeitet, um Direktwerbung zu betreiben, haben Sie das Recht, jederzeit Widerspruch gegen die Verarbeitung der Sie betreffenden personenbezogenen Daten zum Zwecke derartiger Werbung einzulegen; dies gilt auch f\u00fcr das Profiling, soweit es mit solcher Direktwerbung in Verbindung steht.<\/strong><\/li><li><strong>Widerrufsrecht bei Einwilligungen:<\/strong> Sie haben das Recht, erteilte Einwilligungen jederzeit zu widerrufen.<\/li><li><strong>Auskunftsrecht:<\/strong> Sie haben das Recht, eine Best\u00e4tigung dar\u00fcber zu verlangen, ob betreffende Daten verarbeitet werden und auf Auskunft \u00fcber diese Daten sowie auf weitere Informationen und Kopie der Daten entsprechend den gesetzlichen Vorgaben.<\/li><li><strong>Recht auf Berichtigung:<\/strong> Sie haben entsprechend den gesetzlichen Vorgaben das Recht, die Vervollst\u00e4ndigung der Sie betreffenden Daten oder die Berichtigung der Sie betreffenden unrichtigen Daten zu verlangen.<\/li><li><strong>Recht auf L\u00f6schung und Einschr\u00e4nkung der Verarbeitung:<\/strong> Sie haben nach Ma\u00dfgabe der gesetzlichen Vorgaben das Recht, zu verlangen, dass Sie betreffende Daten unverz\u00fcglich gel\u00f6scht werden, bzw. alternativ nach Ma\u00dfgabe der gesetzlichen Vorgaben eine Einschr\u00e4nkung der Verarbeitung der Daten zu verlangen.<\/li><li><strong>Recht auf Daten\u00fcbertragbarkeit:<\/strong> Sie haben das Recht, Sie betreffende Daten, die Sie uns bereitgestellt haben, nach Ma\u00dfgabe der gesetzlichen Vorgaben in einem strukturierten, g\u00e4ngigen und maschinenlesbaren Format zu erhalten oder deren \u00dcbermittlung an einen anderen Verantwortlichen zu fordern.<\/li><li><strong>Beschwerde bei Aufsichtsbeh\u00f6rde:<\/strong> Sie haben ferner nach Ma\u00dfgabe der gesetzlichen Vorgaben das Recht, bei einer Aufsichtsbeh\u00f6rde, insbesondere in dem Mitgliedstaat Ihres gew\u00f6hnlichen Aufenthaltsorts, Ihres Arbeitsplatzes oder des Orts des mutma\u00dflichen Versto\u00dfes Beschwerde einzulegen, wenn Sie der Ansicht sind, dass die Verarbeitung der Sie betreffenden personenbezogenen Daten gegen die DSGVO verst\u00f6\u00dft.<\/li><\/ul>\n\n\n\n<h2 id=\"m42\">Begriffsdefinitionen<\/h2>\n\n\n\n<p>In diesem Abschnitt erhalten Sie eine \u00dcbersicht \u00fcber die in dieser Datenschutzerkl\u00e4rung verwendeten Begrifflichkeiten. Viele der Begriffe sind dem Gesetz entnommen und vor allem im Art. 4 DSGVO definiert. Die gesetzlichen Definitionen sind verbindlich. Die nachfolgenden Erl\u00e4uterungen sollen dagegen vor allem dem Verst\u00e4ndnis dienen. Die Begriffe sind alphabetisch sortiert.<\/p>\n\n\n\n<ul><li><strong>Personenbezogene Daten:<\/strong> &#8222;Personenbezogene Daten\u201c sind alle Informationen, die sich auf eine identifizierte oder identifizierbare nat\u00fcrliche Person (im Folgenden &#8222;betroffene Person\u201c) beziehen; als identifizierbar wird eine nat\u00fcrliche Person angesehen, die direkt oder indirekt, insbesondere mittels Zuordnung zu einer Kennung wie einem Namen, zu einer Kennnummer, zu Standortdaten, zu einer Online-Kennung (z.B. Cookie) oder zu einem oder mehreren besonderen Merkmalen identifiziert werden kann, die Ausdruck der physischen, physiologischen, genetischen, psychischen, wirtschaftlichen, kulturellen oder sozialen Identit\u00e4t dieser nat\u00fcrlichen Person sind.<\/li><li><strong>Verantwortlicher:<\/strong> Als &#8222;Verantwortlicher\u201c wird die nat\u00fcrliche oder juristische Person, Beh\u00f6rde, Einrichtung oder andere Stelle, die allein oder gemeinsam mit anderen \u00fcber die Zwecke und Mittel der Verarbeitung von personenbezogenen Daten entscheidet, bezeichnet.<\/li><li><strong>Verarbeitung:<\/strong> &#8222;Verarbeitung&#8220; ist jeder mit oder ohne Hilfe automatisierter Verfahren ausgef\u00fchrte Vorgang oder jede solche Vorgangsreihe im Zusammenhang mit personenbezogenen Daten. Der Begriff reicht weit und umfasst praktisch jeden Umgang mit Daten, sei es das Erheben, das Auswerten, das Speichern, das \u00dcbermitteln oder das L\u00f6schen.<\/li><\/ul>\n\n\n\n<p><a href=\"https:\/\/datenschutz-generator.de\/?l=de\" target=\"_blank\" rel=\"noreferrer noopener\">Erstellt mit kostenlosem Datenschutz-Generator.de von Dr. Thomas Schwenke<\/a><\/p>\n","protected":false},"excerpt":{"rendered":"<p>Einleitung Mit der folgenden Datenschutzerkl\u00e4rung m\u00f6chten wir Sie dar\u00fcber aufkl\u00e4ren, welche Arten Ihrer personenbezogenen Daten (nachfolgend auch kurz als &#8222;Daten\u201c bezeichnet) wir zu welchen Zwecken und in welchem Umfang verarbeiten. Die Datenschutzerkl\u00e4rung gilt f\u00fcr alle von uns durchgef\u00fchrten Verarbeitungen personenbezogener&#8230;<\/p>\n","protected":false},"author":1,"featured_media":0,"parent":0,"menu_order":0,"comment_status":"closed","ping_status":"closed","template":"","meta":[],"acf":[],"_links":{"self":[{"href":"https:\/\/haworthiaworld.de\/index.php?rest_route=\/wp\/v2\/pages\/185"}],"collection":[{"href":"https:\/\/haworthiaworld.de\/index.php?rest_route=\/wp\/v2\/pages"}],"about":[{"href":"https:\/\/haworthiaworld.de\/index.php?rest_route=\/wp\/v2\/types\/page"}],"author":[{"embeddable":true,"href":"https:\/\/haworthiaworld.de\/index.php?rest_route=\/wp\/v2\/users\/1"}],"replies":[{"embeddable":true,"href":"https:\/\/haworthiaworld.de\/index.php?rest_route=%2Fwp%2Fv2%2Fcomments&post=185"}],"version-history":[{"count":2,"href":"https:\/\/haworthiaworld.de\/index.php?rest_route=\/wp\/v2\/pages\/185\/revisions"}],"predecessor-version":[{"id":187,"href":"https:\/\/haworthiaworld.de\/index.php?rest_route=\/wp\/v2\/pages\/185\/revisions\/187"}],"wp:attachment":[{"href":"https:\/\/haworthiaworld.de\/index.php?rest_route=%2Fwp%2Fv2%2Fmedia&parent=185"}],"curies":[{"name":"wp","href":"https:\/\/api.w.org\/{rel}","templated":true}]}}