{"id":181,"date":"2020-09-12T20:03:40","date_gmt":"2020-09-12T20:03:40","guid":{"rendered":"https:\/\/haworthiaworld.de\/?page_id=181"},"modified":"2020-09-12T20:03:40","modified_gmt":"2020-09-12T20:03:40","slug":"ueber-mich","status":"publish","type":"page","link":"https:\/\/haworthiaworld.de\/?page_id=181","title":{"rendered":"\u00dcber mich"},"content":{"rendered":"\n<p>Vielen Dank, dass Sie meinen Internetauftritt besuchen.<\/p>\n\n\n\n<p>Mein Name ist Robert Fulsche, Jahrgang 1989. Ich kann nicht mehr genau sagen, wann mein Interesse f\u00fcr Haworthien anfing. Es muss jedoch im Jahr 2011 gewesen sein. Damals studierte ich an der TU Clausthal und mein ehemaliger Kommilitone und guter Freund <a href=\"http:\/\/www.sulco.de\">Benjamin<\/a>, ein bekennender Sulcorebutienfan, besuchte damals Ingo Breuer (Eden Plants) in Heinsberg. Von dem Besuch brachte er mir spa\u00dfeshalber ein paar Haworthien mit &#8211; und er wusste nicht, was er damit tat.<\/p>\n\n\n\n<p>Da ich erst sp\u00e4ter mit einer detaillierten Buchhaltung meiner Sammlung anfing, kann ich leider nicht mehr genau rekonstruieren, welche Haworthien meine ersten waren &#8211; ich bin mir jedoch relativ sicher, dass  meine \u00e4lteste H. truncata dabei war.<\/p>\n\n\n\n<p>Da ich meine Sammlung in den ersten Jahren noch auf die beiden Fenster meines WG-Zimmers beschr\u00e4nken musste, war sie naturgem\u00e4\u00df noch relativ klein. Auch die Regale, die ich mir damals in die Fenster baute um mehr Pflanzen unterbringen zu k\u00f6nnen (von denen leider keine Fotos existieren) haben hier nur bedingt geholfen. Nat\u00fcrlich war der Platzmangel kein Grund, nicht doch stetig weitere Pflanzen anzuschaffen. <\/p>\n\n\n\n<p>In den Jahren 2014-2016 habe ich zum Studium in Schweden gelebt. Da ich meine Haworthien nicht mitnehmen konnte, haben ich sie in dieser Zeit in dem Haus meiner Eltern untergebracht und das Hobby war in dieser Zeit &#8222;auf Eis gelegt&#8220;.<\/p>\n\n\n\n<p>Seit 2016 lebe ich wieder in der Region Hannover, seit 2017 in einer Wohnung mit Balkon. Nat\u00fcrlich ist, sehr zum Unmut meiner Freundin, einen erheblichen Teil des Balkons mit meiner Sammlung belegt. Die anf\u00e4ngliche Freude \u00fcber den vielen Platz, der mir jetzt zur Verf\u00fcgung steht, wich bald der Ern\u00fcchterung, die wohl jeder Pflanzensammler kennt: Die Sammlung w\u00e4chst stetig weiter, der entsprechende Raum aber nicht! Da das eigene Gew\u00e4chshaus bisher noch nicht erreichbar ist, muss ich wohl erstmal weiter improvisieren&#8230;<\/p>\n\n\n\n<figure class=\"wp-block-image size-large\"><img loading=\"lazy\" width=\"1024\" height=\"683\" src=\"https:\/\/haworthiaworld.de\/wp-content\/uploads\/2020\/09\/RFU_2515-1024x683.jpg\" alt=\"\" class=\"wp-image-197\" srcset=\"https:\/\/haworthiaworld.de\/wp-content\/uploads\/2020\/09\/RFU_2515-1024x683.jpg 1024w, https:\/\/haworthiaworld.de\/wp-content\/uploads\/2020\/09\/RFU_2515-300x200.jpg 300w, https:\/\/haworthiaworld.de\/wp-content\/uploads\/2020\/09\/RFU_2515-768x512.jpg 768w, https:\/\/haworthiaworld.de\/wp-content\/uploads\/2020\/09\/RFU_2515-2048x1365.jpg 2048w\" sizes=\"(max-width: 1024px) 100vw, 1024px\" \/><figcaption>Meine Sammlung im September 2020<\/figcaption><\/figure>\n\n\n\n<p><\/p>\n","protected":false},"excerpt":{"rendered":"<p>Vielen Dank, dass Sie meinen Internetauftritt besuchen. Mein Name ist Robert Fulsche, Jahrgang 1989. Ich kann nicht mehr genau sagen, wann mein Interesse f\u00fcr Haworthien anfing. Es muss jedoch im Jahr 2011 gewesen sein. Damals studierte ich an der TU&#8230;<\/p>\n","protected":false},"author":1,"featured_media":0,"parent":0,"menu_order":0,"comment_status":"closed","ping_status":"closed","template":"","meta":[],"acf":[],"_links":{"self":[{"href":"https:\/\/haworthiaworld.de\/index.php?rest_route=\/wp\/v2\/pages\/181"}],"collection":[{"href":"https:\/\/haworthiaworld.de\/index.php?rest_route=\/wp\/v2\/pages"}],"about":[{"href":"https:\/\/haworthiaworld.de\/index.php?rest_route=\/wp\/v2\/types\/page"}],"author":[{"embeddable":true,"href":"https:\/\/haworthiaworld.de\/index.php?rest_route=\/wp\/v2\/users\/1"}],"replies":[{"embeddable":true,"href":"https:\/\/haworthiaworld.de\/index.php?rest_route=%2Fwp%2Fv2%2Fcomments&post=181"}],"version-history":[{"count":4,"href":"https:\/\/haworthiaworld.de\/index.php?rest_route=\/wp\/v2\/pages\/181\/revisions"}],"predecessor-version":[{"id":200,"href":"https:\/\/haworthiaworld.de\/index.php?rest_route=\/wp\/v2\/pages\/181\/revisions\/200"}],"wp:attachment":[{"href":"https:\/\/haworthiaworld.de\/index.php?rest_route=%2Fwp%2Fv2%2Fmedia&parent=181"}],"curies":[{"name":"wp","href":"https:\/\/api.w.org\/{rel}","templated":true}]}}